{"id":2265,"date":"2023-11-02T19:37:56","date_gmt":"2023-11-02T18:37:56","guid":{"rendered":"https:\/\/www.carlabrandstetter.at\/home\/"},"modified":"2023-11-02T19:37:56","modified_gmt":"2023-11-02T18:37:56","slug":"home","status":"publish","type":"page","link":"https:\/\/www.carlabrandstetter.at\/en\/","title":{"rendered":"Home"},"content":{"rendered":"<p>[et_pb_section fb_built=&#8221;1&#8243; custom_padding_last_edited=&#8221;on|phone&#8221; _builder_version=&#8221;4.23&#8243; _module_preset=&#8221;default&#8221; background_color=&#8221;gcid-b6c9b969-05b2-40e3-990f-e0a18beda4e6&#8243; background_image=&#8221;https:\/\/www.carlabrandstetter.at\/wp-content\/uploads\/2023\/10\/cb-bg-2-beige-soft.jpg&#8221; parallax=&#8221;on&#8221; parallax_method=&#8221;off&#8221; background_enable_pattern_style=&#8221;on&#8221; background_pattern_style=&#8221;diagonal-stripes-2&#8243; background_pattern_color=&#8221;gcid-87424aa7-dcbf-4ba9-a1eb-596e2d643157&#8243; background_pattern_size=&#8221;custom&#8221; background_pattern_width=&#8221;5px&#8221; background_pattern_height=&#8221;7px&#8221; custom_margin=&#8221;0px|0px|0px|0px|false|false&#8221; custom_padding=&#8221;8vh|0px|4vh|0px|false|false&#8221; custom_padding_tablet=&#8221;4vh||||false|false&#8221; custom_padding_phone=&#8221;4vh||||false|false&#8221; da_disable_devices=&#8221;off|off|off&#8221; global_colors_info=&#8221;{%22gcid-b6c9b969-05b2-40e3-990f-e0a18beda4e6%22:%91%22background_color%22%93,%22gcid-87424aa7-dcbf-4ba9-a1eb-596e2d643157%22:%91%22background_pattern_color%22%93}&#8221; da_is_popup=&#8221;off&#8221; da_exit_intent=&#8221;off&#8221; da_has_close=&#8221;on&#8221; da_alt_close=&#8221;off&#8221; da_dark_close=&#8221;off&#8221; da_not_modal=&#8221;on&#8221; da_is_singular=&#8221;off&#8221; da_with_loader=&#8221;off&#8221; da_has_shadow=&#8221;on&#8221;][et_pb_row column_structure=&#8221;1_5,3_5,1_5&#8243; use_custom_gutter=&#8221;on&#8221; make_equal=&#8221;on&#8221; _builder_version=&#8221;4.23&#8243; _module_preset=&#8221;default&#8221; background_color=&#8221;RGBA(255,255,255,0)&#8221; width=&#8221;90%&#8221; max_width=&#8221;4500px&#8221; module_alignment=&#8221;center&#8221; min_height=&#8221;88vh&#8221; custom_margin=&#8221;0px|0px|0px|0px|false|false&#8221; custom_padding=&#8221;0px|0px|0px|0px|false|false&#8221; hover_enabled=&#8221;0&#8243; global_colors_info=&#8221;{}&#8221; width_last_edited=&#8221;on|phone&#8221; sticky_enabled=&#8221;0&#8243; width_tablet=&#8221;84%&#8221; width_phone=&#8221;84%&#8221;][et_pb_column type=&#8221;1_5&#8243; module_class=&#8221;centerme&#8221; _builder_version=&#8221;4.22.2&#8243; _module_preset=&#8221;default&#8221; global_colors_info=&#8221;{}&#8221;][\/et_pb_column][et_pb_column type=&#8221;3_5&#8243; module_class=&#8221;centerme&#8221; _builder_version=&#8221;4.22.2&#8243; _module_preset=&#8221;default&#8221; global_colors_info=&#8221;{}&#8221;][et_pb_text _builder_version=&#8221;4.22.2&#8243; _module_preset=&#8221;default&#8221; global_colors_info=&#8221;{}&#8221;]<\/p>\n<blockquote>\n<h2>\u201e<span style=\"font-weight: 400;\">Psychotherapy is not making clever and apt interpretations; by and large it is a long-term giving back what patients bring<\/span>\u201c<\/h2>\n<\/blockquote>\n<h6>Donald Winnicott<\/h6>\n<p>[\/et_pb_text][et_pb_text _builder_version=&#8221;4.23&#8243; _module_preset=&#8221;default&#8221; global_colors_info=&#8221;{}&#8221;]<\/p>\n<p>The psychotherapeutic space is a safe place where you can confront your personal suffering and problems and give voice to your thoughts, feelings, and fantasies of all kinds. It is a place of understanding, support, and change.<\/p>\n<p>Whether you are currently facing a life challenge, are seeking self-discovery, want to address a specific issue, or simply long for a change in your life \u2013 I am here to help you.\u00a0<\/p>\n<p>I understand that each person is unique, which is why I tailor my therapeutic approaches individually to meet your needs and goals.<\/p>\n<p>[\/et_pb_text][et_pb_text disabled_on=&#8221;on|on|on&#8221; _builder_version=&#8221;4.22.2&#8243; _module_preset=&#8221;default&#8221; disabled=&#8221;on&#8221; global_colors_info=&#8221;{}&#8221;]<\/p>\n<h5><em>Die \u00e4lteste Philosophie und moderne Wissenschaft sind sich darin einig, dass Worte heilen k\u00f6nnen. Worte k\u00f6nnen uns traurig oder euphorisch stimmen, uns ver\u00e4rgern sowie erfreuen. Sie haben die Kraft, intensive Emotionen jeder Art in uns hervorzurufen. Wieso sollten sie uns also nicht auch heilen k\u00f6nnen?<\/em><\/h5>\n<hr \/>\n<p>In der Psychotherapie geben wir Ihrem Sprechen einen Raum. Der psychotherapeutische Raum ist ein gesch\u00fctzter Ort, wo Sie sich mit ihrem pers\u00f6nlichen Leid und Problemen auseinandersetzen und Ihren Gedanken, Gef\u00fchlen und Fantasien jeder Art Geh\u00f6r verschaffen k\u00f6nnen. Es ist ein Ort des Verst\u00e4ndnisses, der Unterst\u00fctzung und der Ver\u00e4nderung.<\/p>\n<p>Egal, ob Sie aktuell mit einer Lebensherausforderung konfrontiert sind, ein bestimmtes Thema behandeln, sich neu kennenlernen wollen, oder sich schlichtweg nach Ver\u00e4nderung in Ihrem Leben sehen &#8211; ich bin hier, um Ihnen dabei zu helfen.<\/p>\n<p>Ich verstehe, dass jeder Mensch einzigartig ist, und deshalb gestalte ich meine Therapieans\u00e4tze individuell, um Ihren Bed\u00fcrfnissen und Zielen gerecht zu werden.<\/p>\n<p>[\/et_pb_text][\/et_pb_column][et_pb_column type=&#8221;1_5&#8243; module_class=&#8221;centerme&#8221; _builder_version=&#8221;4.22.2&#8243; _module_preset=&#8221;default&#8221; global_colors_info=&#8221;{}&#8221;][\/et_pb_column][\/et_pb_row][\/et_pb_section]<\/p>\n","protected":false},"excerpt":{"rendered":"<p>\u201ePsychotherapy is not making clever and apt interpretations; by and large it is a long-term giving back what patients bring\u201c Donald WinnicottThe psychotherapeutic space is a safe place where you can confront your personal suffering and problems and give voice to your thoughts, feelings, and fantasies of all kinds. It is a place of understanding, [&hellip;]<\/p>\n","protected":false},"author":1,"featured_media":0,"parent":0,"menu_order":0,"comment_status":"closed","ping_status":"closed","template":"","meta":{"_et_pb_use_builder":"on","_et_pb_old_content":"","_et_gb_content_width":"","inline_featured_image":false,"footnotes":""},"class_list":["post-2265","page","type-page","status-publish","hentry"],"_links":{"self":[{"href":"https:\/\/www.carlabrandstetter.at\/en\/wp-json\/wp\/v2\/pages\/2265","targetHints":{"allow":["GET"]}}],"collection":[{"href":"https:\/\/www.carlabrandstetter.at\/en\/wp-json\/wp\/v2\/pages"}],"about":[{"href":"https:\/\/www.carlabrandstetter.at\/en\/wp-json\/wp\/v2\/types\/page"}],"author":[{"embeddable":true,"href":"https:\/\/www.carlabrandstetter.at\/en\/wp-json\/wp\/v2\/users\/1"}],"replies":[{"embeddable":true,"href":"https:\/\/www.carlabrandstetter.at\/en\/wp-json\/wp\/v2\/comments?post=2265"}],"version-history":[{"count":2,"href":"https:\/\/www.carlabrandstetter.at\/en\/wp-json\/wp\/v2\/pages\/2265\/revisions"}],"predecessor-version":[{"id":2267,"href":"https:\/\/www.carlabrandstetter.at\/en\/wp-json\/wp\/v2\/pages\/2265\/revisions\/2267"}],"wp:attachment":[{"href":"https:\/\/www.carlabrandstetter.at\/en\/wp-json\/wp\/v2\/media?parent=2265"}],"curies":[{"name":"wp","href":"https:\/\/api.w.org\/{rel}","templated":true}]}}