{"id":2271,"date":"2023-11-02T19:41:32","date_gmt":"2023-11-02T18:41:32","guid":{"rendered":"https:\/\/www.carlabrandstetter.at\/themes\/"},"modified":"2023-11-02T19:41:32","modified_gmt":"2023-11-02T18:41:32","slug":"themes","status":"publish","type":"page","link":"https:\/\/www.carlabrandstetter.at\/en\/themes\/","title":{"rendered":"Themes"},"content":{"rendered":"<p>[et_pb_section fb_built=&#8221;1&#8243; custom_padding_last_edited=&#8221;on|phone&#8221; _builder_version=&#8221;4.23&#8243; _module_preset=&#8221;default&#8221; background_color=&#8221;gcid-b6c9b969-05b2-40e3-990f-e0a18beda4e6&#8243; background_image=&#8221;https:\/\/www.carlabrandstetter.at\/wp-content\/uploads\/2023\/10\/cb-bg-9-beige-soft.jpg&#8221; parallax=&#8221;on&#8221; parallax_method=&#8221;off&#8221; background_enable_pattern_style=&#8221;on&#8221; background_pattern_style=&#8221;diagonal-stripes-2&#8243; background_pattern_color=&#8221;gcid-87424aa7-dcbf-4ba9-a1eb-596e2d643157&#8243; background_pattern_size=&#8221;custom&#8221; background_pattern_width=&#8221;5px&#8221; background_pattern_height=&#8221;7px&#8221; custom_margin=&#8221;0px|0px|0px|0px|false|false&#8221; custom_padding=&#8221;8vh|0px|4vh|0px|false|false&#8221; custom_padding_tablet=&#8221;4vh||||false|false&#8221; custom_padding_phone=&#8221;4vh||||false|false&#8221; da_disable_devices=&#8221;off|off|off&#8221; locked=&#8221;off&#8221; global_colors_info=&#8221;{%22gcid-b6c9b969-05b2-40e3-990f-e0a18beda4e6%22:%91%22background_color%22,%22background_color%22%93,%22gcid-87424aa7-dcbf-4ba9-a1eb-596e2d643157%22:%91%22background_pattern_color%22%93}&#8221; da_is_popup=&#8221;off&#8221; da_exit_intent=&#8221;off&#8221; da_has_close=&#8221;on&#8221; da_alt_close=&#8221;off&#8221; da_dark_close=&#8221;off&#8221; da_not_modal=&#8221;on&#8221; da_is_singular=&#8221;off&#8221; da_with_loader=&#8221;off&#8221; da_has_shadow=&#8221;on&#8221;][et_pb_row column_structure=&#8221;1_2,1_2&#8243; use_custom_gutter=&#8221;on&#8221; make_equal=&#8221;on&#8221; _builder_version=&#8221;4.23&#8243; _module_preset=&#8221;default&#8221; background_color=&#8221;RGBA(255,255,255,0)&#8221; width=&#8221;76%&#8221; max_width=&#8221;4500px&#8221; module_alignment=&#8221;center&#8221; min_height=&#8221;88vh&#8221; custom_margin=&#8221;0px|0px|0px|0px|false|false&#8221; custom_padding=&#8221;0px|0px|0px|0px|false|false&#8221; hover_enabled=&#8221;0&#8243; global_colors_info=&#8221;{}&#8221; width_last_edited=&#8221;on|phone&#8221; sticky_enabled=&#8221;0&#8243; width_tablet=&#8221;84%&#8221; width_phone=&#8221;84%&#8221;][et_pb_column type=&#8221;1_2&#8243; module_class=&#8221;centerme&#8221; _builder_version=&#8221;4.22.2&#8243; _module_preset=&#8221;default&#8221; global_colors_info=&#8221;{}&#8221;][et_pb_text _builder_version=&#8221;4.22.2&#8243; _module_preset=&#8221;default&#8221; text_orientation=&#8221;right&#8221; text_orientation_tablet=&#8221;left&#8221; text_orientation_phone=&#8221;left&#8221; text_orientation_last_edited=&#8221;on|tablet&#8221; global_colors_info=&#8221;{}&#8221;]<\/p>\n<h1>Themes<\/h1>\n<p><em>What problems can psychotherapy help you with?<\/em><\/p>\n<p>[\/et_pb_text][et_pb_divider show_divider=&#8221;off&#8221; disabled_on=&#8221;on|on|off&#8221; admin_label=&#8221;TRENNER&#8221; _builder_version=&#8221;4.22.2&#8243; _module_preset=&#8221;default&#8221; height=&#8221;16vh&#8221; global_module=&#8221;1663&#8243; saved_tabs=&#8221;all&#8221; global_colors_info=&#8221;{}&#8221;][\/et_pb_divider][\/et_pb_column][et_pb_column type=&#8221;1_2&#8243; module_class=&#8221;centerme&#8221; _builder_version=&#8221;4.22.2&#8243; _module_preset=&#8221;default&#8221; global_colors_info=&#8221;{}&#8221;][et_pb_text _builder_version=&#8221;4.22.2&#8243; _module_preset=&#8221;default&#8221; global_colors_info=&#8221;{}&#8221;]<\/p>\n<h4><span style=\"font-weight: 400;\">Anxiety, panic attacks<\/span><\/h4>\n<h4><span style=\"font-weight: 400;\">Burnout, exhaustion<\/span><\/h4>\n<h4><span style=\"font-weight: 400;\">Depression<\/span><\/h4>\n<h4><span style=\"font-weight: 400;\">Eating disorders, body image<\/span><\/h4>\n<h4><span style=\"font-weight: 400;\">Life and existential crises<\/span><\/h4>\n<h4><span style=\"font-weight: 400;\">Obsessive-compulsive disorders<\/span><\/h4>\n<h4><span style=\"font-weight: 400;\">Personality disorders<\/span><\/h4>\n<h4><span style=\"font-weight: 400;\">Personal development<\/span><\/h4>\n<h4><span style=\"font-weight: 400;\">Psychosomatic Symptoms<\/span><\/h4>\n<h4><span style=\"font-weight: 400;\">Relationship difficulties, family problems<\/span><\/h4>\n<h4><span style=\"font-weight: 400;\">Sleep disturbances<\/span><\/h4>\n<h4><span style=\"font-weight: 400;\">Self-esteem issues<\/span><\/h4>\n<h4><span style=\"font-weight: 400;\">Separation, grief, loss<\/span><\/h4>\n<h4><span style=\"font-weight: 400;\">Sexuality<\/span><\/h4>\n<h4><span style=\"font-weight: 400;\">Trauma<\/span><\/h4>\n<p>[\/et_pb_text][\/et_pb_column][\/et_pb_row][\/et_pb_section][et_pb_section fb_built=&#8221;1&#8243; custom_padding_last_edited=&#8221;on|phone&#8221; disabled_on=&#8221;on|on|on&#8221; _builder_version=&#8221;4.22.2&#8243; _module_preset=&#8221;default&#8221; background_color=&#8221;gcid-b6c9b969-05b2-40e3-990f-e0a18beda4e6&#8243; custom_margin=&#8221;0px|0px|0px|0px|false|false&#8221; custom_padding=&#8221;8vh|0px|4vh|0px|false|false&#8221; custom_padding_tablet=&#8221;4vh||||false|false&#8221; custom_padding_phone=&#8221;4vh||||false|false&#8221; da_disable_devices=&#8221;off|off|off&#8221; disabled=&#8221;on&#8221; locked=&#8221;off&#8221; global_colors_info=&#8221;{%22gcid-b6c9b969-05b2-40e3-990f-e0a18beda4e6%22:%91%22background_color%22%93}&#8221; da_is_popup=&#8221;off&#8221; da_exit_intent=&#8221;off&#8221; da_has_close=&#8221;on&#8221; da_alt_close=&#8221;off&#8221; da_dark_close=&#8221;off&#8221; da_not_modal=&#8221;on&#8221; da_is_singular=&#8221;off&#8221; da_with_loader=&#8221;off&#8221; da_has_shadow=&#8221;on&#8221;][et_pb_row column_structure=&#8221;1_4,1_2,1_4&#8243; use_custom_gutter=&#8221;on&#8221; make_equal=&#8221;on&#8221; _builder_version=&#8221;4.22.2&#8243; _module_preset=&#8221;default&#8221; background_color=&#8221;RGBA(255,255,255,0)&#8221; width=&#8221;90%&#8221; max_width=&#8221;4500px&#8221; module_alignment=&#8221;center&#8221; min_height=&#8221;88vh&#8221; custom_margin=&#8221;0px|0px|0px|0px|false|false&#8221; custom_padding=&#8221;0px|0px|0px|0px|false|false&#8221; global_colors_info=&#8221;{}&#8221;][et_pb_column type=&#8221;1_4&#8243; module_class=&#8221;centerme&#8221; _builder_version=&#8221;4.22.2&#8243; _module_preset=&#8221;default&#8221; global_colors_info=&#8221;{}&#8221;][\/et_pb_column][et_pb_column type=&#8221;1_2&#8243; module_class=&#8221;centerme&#8221; _builder_version=&#8221;4.22.2&#8243; _module_preset=&#8221;default&#8221; global_colors_info=&#8221;{}&#8221;][et_pb_text _builder_version=&#8221;4.22.2&#8243; _module_preset=&#8221;default&#8221; text_orientation=&#8221;center&#8221; global_colors_info=&#8221;{}&#8221;]<\/p>\n<h1>Schwerpunkte<\/h1>\n<h3>Bei welchen Problemen kann Ihnen eine Psychotherapie helfen?<\/h3>\n<p>\u00c4ngste, Panikzust\u00e4nde<br \/>Beziehungsschwierigkeiten, Familienprobleme<br \/>Burnout, Ersch\u00f6pfungszust\u00e4nde<br \/>Depressionen<br \/>Essst\u00f6rungen, K\u00f6rperbild<br \/>Lebens- und Sinnkrisen<br \/>Pers\u00f6nlichkeitsst\u00f6rungen<br \/>Pers\u00f6nlichkeitsentwicklung<br \/>Psychosomatische Beschwerden<br \/>Schlafst\u00f6rungen<br \/>Selbstwertthematik<br \/>Sexualit\u00e4t<br \/>Trauma<br \/>Trauer, Trennung, Verlust<br \/>Zw\u00e4nge<\/p>\n<p>[\/et_pb_text][\/et_pb_column][et_pb_column type=&#8221;1_4&#8243; module_class=&#8221;centerme&#8221; _builder_version=&#8221;4.22.2&#8243; _module_preset=&#8221;default&#8221; global_colors_info=&#8221;{}&#8221;][\/et_pb_column][\/et_pb_row][\/et_pb_section]<\/p>\n","protected":false},"excerpt":{"rendered":"<p>Themes What problems can psychotherapy help you with?Anxiety, panic attacks Burnout, exhaustion Depression Eating disorders, body image Life and existential crises Obsessive-compulsive disorders Personality disorders Personal development Psychosomatic Symptoms Relationship difficulties, family problems Sleep disturbances Self-esteem issues Separation, grief, loss Sexuality TraumaSchwerpunkte Bei welchen Problemen kann Ihnen eine Psychotherapie helfen? \u00c4ngste, Panikzust\u00e4ndeBeziehungsschwierigkeiten, FamilienproblemeBurnout, Ersch\u00f6pfungszust\u00e4ndeDepressionenEssst\u00f6rungen, K\u00f6rperbildLebens- [&hellip;]<\/p>\n","protected":false},"author":1,"featured_media":0,"parent":0,"menu_order":0,"comment_status":"closed","ping_status":"closed","template":"","meta":{"_et_pb_use_builder":"on","_et_pb_old_content":"","_et_gb_content_width":"","inline_featured_image":false,"footnotes":""},"class_list":["post-2271","page","type-page","status-publish","hentry"],"_links":{"self":[{"href":"https:\/\/www.carlabrandstetter.at\/en\/wp-json\/wp\/v2\/pages\/2271","targetHints":{"allow":["GET"]}}],"collection":[{"href":"https:\/\/www.carlabrandstetter.at\/en\/wp-json\/wp\/v2\/pages"}],"about":[{"href":"https:\/\/www.carlabrandstetter.at\/en\/wp-json\/wp\/v2\/types\/page"}],"author":[{"embeddable":true,"href":"https:\/\/www.carlabrandstetter.at\/en\/wp-json\/wp\/v2\/users\/1"}],"replies":[{"embeddable":true,"href":"https:\/\/www.carlabrandstetter.at\/en\/wp-json\/wp\/v2\/comments?post=2271"}],"version-history":[{"count":2,"href":"https:\/\/www.carlabrandstetter.at\/en\/wp-json\/wp\/v2\/pages\/2271\/revisions"}],"predecessor-version":[{"id":2273,"href":"https:\/\/www.carlabrandstetter.at\/en\/wp-json\/wp\/v2\/pages\/2271\/revisions\/2273"}],"wp:attachment":[{"href":"https:\/\/www.carlabrandstetter.at\/en\/wp-json\/wp\/v2\/media?parent=2271"}],"curies":[{"name":"wp","href":"https:\/\/api.w.org\/{rel}","templated":true}]}}